{"id":18,"date":"2012-11-19T19:19:02","date_gmt":"2012-11-19T19:19:02","guid":{"rendered":"https:\/\/cdc.usac.edu.gt\/?page_id=18"},"modified":"2013-01-24T15:14:55","modified_gmt":"2013-01-24T21:14:55","slug":"mision-y-vision","status":"publish","type":"page","link":"https:\/\/cdc.usac.edu.gt\/?page_id=18","title":{"rendered":"Misi\u00f3n y Visi\u00f3n"},"content":{"rendered":"<div id=\"fb-root\"><\/div>\n<p><script>(function(d, s, id) {\n  var js, fjs = d.getElementsByTagName(s)[0];\n  if (d.getElementById(id)) return;\n  js = d.createElement(s); js.id = id;\n  js.src = \"\/\/connect.facebook.net\/es_LA\/all.js#xfbml=1\";\n  fjs.parentNode.insertBefore(js, fjs);\n}(document, 'script', 'facebook-jssdk'));<\/script><\/p>\n<p><strong>MISI\u00d3N<\/strong><\/p>\n<p>Proveer bases cient\u00edficas que contribuyan al conocimiento, manejo y conservaci\u00f3n de la diversidad biol\u00f3gica y recursos naturales, mediante la recopilaci\u00f3n, generaci\u00f3n, procesamiento, an\u00e1lisis y difusi\u00f3n de informaci\u00f3n.<\/p>\n<p><strong>VISI\u00d3N<\/strong><\/p>\n<p>Ser uno de los centros m\u00e1s importantes de consulta y referencia de informaci\u00f3n de calidad cient\u00edfica para la toma de decisiones en el manejo y conservaci\u00f3n de la diversidad biol\u00f3gica y recursos naturales.<\/p>\n<div class=\"fb-like\" data-href=\"https:\/\/cdc.usac.edu.gt\/?page_id=18\" data-send=\"true\" data-width=\"450\" data-show-faces=\"true\"><\/div>\n","protected":false},"excerpt":{"rendered":"<p>MISI\u00d3N Proveer bases cient\u00edficas que contribuyan al conocimiento, manejo y conservaci\u00f3n de la diversidad biol\u00f3gica y recursos naturales, mediante la recopilaci\u00f3n, generaci\u00f3n, procesamiento, an\u00e1lisis y difusi\u00f3n de informaci\u00f3n. VISI\u00d3N Ser uno de los centros m\u00e1s importantes de consulta y referencia<\/p>\n","protected":false},"author":1,"featured_media":0,"parent":2,"menu_order":2,"comment_status":"open","ping_status":"open","template":"","meta":{"footnotes":""},"class_list":["post-18","page","type-page","status-publish","hentry"],"_links":{"self":[{"href":"https:\/\/cdc.usac.edu.gt\/index.php?rest_route=\/wp\/v2\/pages\/18"}],"collection":[{"href":"https:\/\/cdc.usac.edu.gt\/index.php?rest_route=\/wp\/v2\/pages"}],"about":[{"href":"https:\/\/cdc.usac.edu.gt\/index.php?rest_route=\/wp\/v2\/types\/page"}],"author":[{"embeddable":true,"href":"https:\/\/cdc.usac.edu.gt\/index.php?rest_route=\/wp\/v2\/users\/1"}],"replies":[{"embeddable":true,"href":"https:\/\/cdc.usac.edu.gt\/index.php?rest_route=%2Fwp%2Fv2%2Fcomments&post=18"}],"version-history":[{"count":6,"href":"https:\/\/cdc.usac.edu.gt\/index.php?rest_route=\/wp\/v2\/pages\/18\/revisions"}],"predecessor-version":[{"id":61,"href":"https:\/\/cdc.usac.edu.gt\/index.php?rest_route=\/wp\/v2\/pages\/18\/revisions\/61"}],"up":[{"embeddable":true,"href":"https:\/\/cdc.usac.edu.gt\/index.php?rest_route=\/wp\/v2\/pages\/2"}],"wp:attachment":[{"href":"https:\/\/cdc.usac.edu.gt\/index.php?rest_route=%2Fwp%2Fv2%2Fmedia&parent=18"}],"curies":[{"name":"wp","href":"https:\/\/api.w.org\/{rel}","templated":true}]}}