{"id":2,"date":"2012-10-24T21:05:45","date_gmt":"2012-10-25T03:05:45","guid":{"rendered":"https:\/\/cdc.usac.edu.gt\/?page_id=2"},"modified":"2019-02-18T10:12:16","modified_gmt":"2019-02-18T16:12:16","slug":"pagina-ejemplo","status":"publish","type":"page","link":"https:\/\/cdc.usac.edu.gt\/?page_id=2","title":{"rendered":"Nosotros"},"content":{"rendered":"<p>El CDC es una unidad de informaci\u00f3n e investigaci\u00f3n del Centro de Estudios Conservacionistas \u2013CECON- de la Facultad de Ciencias Qu\u00edmicas y Farmacia de la Universidad de San Carlos de Guatemala. El CDC mantiene\u00a0un inventario computarizado, continuamente actualizado, de las caracter\u00edsticas y distribuci\u00f3n de los elementos de diversidad biol\u00f3gica del \u00a0pa\u00eds, sobre los que se re\u00fane informaci\u00f3n para prop\u00f3sitos de conservaci\u00f3n.<\/p>\n<p>En el CDC se realiza un inventario continuo de los aspectos biol\u00f3gicos y ecol\u00f3gicos m\u00e1s relevantes del pa\u00eds, para lo cual se emplea la Metodolog\u00eda del\u00a0<em>Patrimonio Natural<\/em>, que consiste en un sistema de manejo integrado de informaci\u00f3n sobre especies, ecosistemas y \u00e1reas protegidas, interrelacionadas en una base de datos. Estos datos se obtienen de la informaci\u00f3n generada por investigaciones de campo realizadas por estudiantes e investigadores.<\/p>\n<p>El CDC tambi\u00e9n cuenta con una colecci\u00f3n de documentos, libros, tesis, informes t\u00e9cnicos, art\u00edculos, etc. sobre diversos aspectos de diversidad biol\u00f3gica del pa\u00eds que son parte de la referencia utilizada para la localizaci\u00f3n y descripci\u00f3n de los elementos almacenados en la base de datos.<\/p>\n<p>La colecci\u00f3n de consulta del CDC est\u00e1 a disposici\u00f3n de toda persona que tenga inter\u00e9s en los temas de diversidad biol\u00f3gica del pa\u00eds.<\/p>\n","protected":false},"excerpt":{"rendered":"<p>El CDC es una unidad de informaci\u00f3n e investigaci\u00f3n del Centro de Estudios Conservacionistas \u2013CECON- de la Facultad de Ciencias Qu\u00edmicas y Farmacia de la Universidad de San Carlos de Guatemala. El CDC mantiene\u00a0un inventario computarizado, continuamente actualizado, de las<\/p>\n","protected":false},"author":1,"featured_media":0,"parent":0,"menu_order":2,"comment_status":"open","ping_status":"closed","template":"","meta":{"footnotes":""},"class_list":["post-2","page","type-page","status-publish","hentry"],"_links":{"self":[{"href":"https:\/\/cdc.usac.edu.gt\/index.php?rest_route=\/wp\/v2\/pages\/2"}],"collection":[{"href":"https:\/\/cdc.usac.edu.gt\/index.php?rest_route=\/wp\/v2\/pages"}],"about":[{"href":"https:\/\/cdc.usac.edu.gt\/index.php?rest_route=\/wp\/v2\/types\/page"}],"author":[{"embeddable":true,"href":"https:\/\/cdc.usac.edu.gt\/index.php?rest_route=\/wp\/v2\/users\/1"}],"replies":[{"embeddable":true,"href":"https:\/\/cdc.usac.edu.gt\/index.php?rest_route=%2Fwp%2Fv2%2Fcomments&post=2"}],"version-history":[{"count":11,"href":"https:\/\/cdc.usac.edu.gt\/index.php?rest_route=\/wp\/v2\/pages\/2\/revisions"}],"predecessor-version":[{"id":550,"href":"https:\/\/cdc.usac.edu.gt\/index.php?rest_route=\/wp\/v2\/pages\/2\/revisions\/550"}],"wp:attachment":[{"href":"https:\/\/cdc.usac.edu.gt\/index.php?rest_route=%2Fwp%2Fv2%2Fmedia&parent=2"}],"curies":[{"name":"wp","href":"https:\/\/api.w.org\/{rel}","templated":true}]}}