{"id":31,"date":"2012-11-28T20:45:09","date_gmt":"2012-11-28T20:45:09","guid":{"rendered":"https:\/\/cdc.usac.edu.gt\/?page_id=31"},"modified":"2019-02-20T07:56:01","modified_gmt":"2019-02-20T13:56:01","slug":"campos-de-accion","status":"publish","type":"page","link":"https:\/\/cdc.usac.edu.gt\/?page_id=31","title":{"rendered":"L\u00edneas de Trabajo"},"content":{"rendered":"<p>A continuaci\u00f3n se presenta las 5 l\u00edneas principales de trabajo de esta unidad. Se consideran como ejes transversales de estas l\u00edneas la investigaci\u00f3n y la vinculaci\u00f3n.<\/p>\n<p><strong>L\u00ednea 1.\u00a0 <\/strong><strong><em>Conocimiento del patrimonio natural y cultural<\/em><\/strong><\/p>\n<p>-Inventarios de especies, ecosistemas naturales y elementos culturales de inter\u00e9s para la Conservaci\u00f3n.<br \/>\n-Distribuci\u00f3n de especies y comunidades naturales (terrestres y acu\u00e1ticas).<br \/>\n-Conocimiento, apreciaci\u00f3n y valoraci\u00f3n de especies, comunidades naturales y elementos culturales de inter\u00e9s para la conservaci\u00f3n.<\/p>\n<p><strong>L\u00ednea 2.\u00a0 <em>Evaluaci\u00f3n del estado del patrimonio natural y cultural<\/em><\/strong><\/p>\n<p>&#8211; Especies raras, end\u00e9micas, invasoras y amenazadas.<br \/>\n&#8211; Vac\u00edos de informaci\u00f3n natural y cultural.<br \/>\n&#8211; \u00c1reas cr\u00edticas para la conservaci\u00f3n.<br \/>\n&#8211; Distribuci\u00f3n potencial de especies y ecosistemas naturales.<br \/>\n&#8211; Jerarquizaci\u00f3n de elementos.<\/p>\n<p><strong>L\u00ednea 3.\u00a0 <em>Docencia en manejo de datos biol\u00f3gicos y conservaci\u00f3n<\/em><\/strong><\/p>\n<p>&#8211; Capacitaci\u00f3n.<br \/>\n&#8211; Formaci\u00f3n.<br \/>\n&#8211; Extensi\u00f3n.<\/p>\n<p><strong>L\u00ednea 4.\u00a0 <em>Divulgaci\u00f3n, acceso a la informaci\u00f3n y consulta<\/em><\/strong><\/p>\n<p>&#8211; Atenci\u00f3n de usuarios.<br \/>\n&#8211; Consultas especializadas.<br \/>\n&#8211; Divulgaci\u00f3n de informaci\u00f3n.<\/p>\n<p><strong>L\u00ednea 5.\u00a0 <em>Manejo, almacenamiento y sistematizaci\u00f3n de datos virtuales<\/em><\/strong><\/p>\n<p>&#8211; Bases de datos.<br \/>\n&#8211; Calidad de informaci\u00f3n y est\u00e1ndares.<br \/>\n&#8211; Seguridad de la informaci\u00f3n.<\/p>\n","protected":false},"excerpt":{"rendered":"<p>A continuaci\u00f3n se presenta las 5 l\u00edneas principales de trabajo de esta unidad. Se consideran como ejes transversales de estas l\u00edneas la investigaci\u00f3n y la vinculaci\u00f3n. L\u00ednea 1.\u00a0 Conocimiento del patrimonio natural y cultural -Inventarios de especies, ecosistemas naturales y<\/p>\n","protected":false},"author":1,"featured_media":0,"parent":27,"menu_order":2,"comment_status":"open","ping_status":"open","template":"","meta":{"footnotes":""},"class_list":["post-31","page","type-page","status-publish","hentry"],"_links":{"self":[{"href":"https:\/\/cdc.usac.edu.gt\/index.php?rest_route=\/wp\/v2\/pages\/31"}],"collection":[{"href":"https:\/\/cdc.usac.edu.gt\/index.php?rest_route=\/wp\/v2\/pages"}],"about":[{"href":"https:\/\/cdc.usac.edu.gt\/index.php?rest_route=\/wp\/v2\/types\/page"}],"author":[{"embeddable":true,"href":"https:\/\/cdc.usac.edu.gt\/index.php?rest_route=\/wp\/v2\/users\/1"}],"replies":[{"embeddable":true,"href":"https:\/\/cdc.usac.edu.gt\/index.php?rest_route=%2Fwp%2Fv2%2Fcomments&post=31"}],"version-history":[{"count":5,"href":"https:\/\/cdc.usac.edu.gt\/index.php?rest_route=\/wp\/v2\/pages\/31\/revisions"}],"predecessor-version":[{"id":677,"href":"https:\/\/cdc.usac.edu.gt\/index.php?rest_route=\/wp\/v2\/pages\/31\/revisions\/677"}],"up":[{"embeddable":true,"href":"https:\/\/cdc.usac.edu.gt\/index.php?rest_route=\/wp\/v2\/pages\/27"}],"wp:attachment":[{"href":"https:\/\/cdc.usac.edu.gt\/index.php?rest_route=%2Fwp%2Fv2%2Fmedia&parent=31"}],"curies":[{"name":"wp","href":"https:\/\/api.w.org\/{rel}","templated":true}]}}