{"id":354,"date":"2014-09-16T15:05:44","date_gmt":"2014-09-16T21:05:44","guid":{"rendered":"https:\/\/cdc.usac.edu.gt\/?page_id=354"},"modified":"2019-12-03T15:08:04","modified_gmt":"2019-12-03T21:08:04","slug":"publicaciones","status":"publish","type":"page","link":"https:\/\/cdc.usac.edu.gt\/?page_id=354","title":{"rendered":"Publicaciones"},"content":{"rendered":"\n<h3 class=\"wp-block-heading\">Listado de material generado por el CDC.<\/h3>\n\n\n\n<ul class=\"wp-block-list\"><li>&nbsp;Manual para el monitoreo de la fenolog\u00eda reproductiva de&nbsp;\u00abDoce especies vegetales de importancia ecol\u00f3gica en la&nbsp;Reserva de Biosfera Maya\u00bb.<\/li><\/ul>\n\n\n\n<div class=\"wp-block-button is-style-squared\"><a class=\"wp-block-button__link has-background\" href=\"https:\/\/cdc.usac.edu.gt\/wp-content\/uploads\/2014\/09\/Manual-Fenologia-RBM.pdf\" style=\"background-color:#1dad0d\">Descargar Manual<\/a><\/div>\n\n\n\n<ul class=\"wp-block-list\"><li>Monitoreo de los efectos del cambio clim\u00e1tico en la fenolog\u00eda&nbsp;reproductiva de \u00abDoce especies vegetales de importancia&nbsp;ecol\u00f3gica en la Reserva de Biosfera Maya, Pet\u00e9n y fauna asociada\u00bb.<\/li><\/ul>\n\n\n\n<div class=\"wp-block-button is-style-squared\"><a class=\"wp-block-button__link has-background\" href=\"cdc.usac.edu.gt\/wp-content\/uploads\/2014\/09\/Folleto-Fenologia-RBM.pdf\" style=\"background-color:#1dad0d\">Descargar Folleto Fenolog\u00eda RBM<\/a><\/div>\n\n\n\n<p>Compartimos con ustedes algunas de las\ninvestigaciones realizadas por el CDC-CECON.<\/p>\n\n\n\n<div class=\"wp-block-file\"><a href=\"https:\/\/cdc.usac.edu.gt\/wp-content\/uploads\/2019\/12\/Ortiz-etal-Cetaceos-del-Pacifico-oeste-de-Guatemala-1.pdf\">Cet\u00e1ceos del Pacifico oeste de Guatemala<\/a><a href=\"https:\/\/cdc.usac.edu.gt\/wp-content\/uploads\/2019\/12\/Ortiz-etal-Cetaceos-del-Pacifico-oeste-de-Guatemala-1.pdf\" class=\"wp-block-file__button\" download>Descarga<\/a><\/div>\n\n\n\n<div class=\"wp-block-file\"><a href=\"https:\/\/cdc.usac.edu.gt\/wp-content\/uploads\/2019\/12\/PardoBurgosCruz-plantas-medicinales-y-comestibles-RNUMM.pdf\">Plantas medicinales y comestibles RNUMM<\/a><a href=\"https:\/\/cdc.usac.edu.gt\/wp-content\/uploads\/2019\/12\/PardoBurgosCruz-plantas-medicinales-y-comestibles-RNUMM.pdf\" class=\"wp-block-file__button\" download>Descarga<\/a><\/div>\n\n\n\n<div class=\"wp-block-file\"><a href=\"https:\/\/cdc.usac.edu.gt\/wp-content\/uploads\/2019\/12\/Barrios-Politicas-Region-Semiarida-a.pdf\">Pol\u00edticas regi\u00f3n Semi\u00e1rida<\/a><a href=\"https:\/\/cdc.usac.edu.gt\/wp-content\/uploads\/2019\/12\/Barrios-Politicas-Region-Semiarida-a.pdf\" class=\"wp-block-file__button\" download>Descarga<\/a><\/div>\n\n\n\n<div class=\"wp-block-file\"><a href=\"https:\/\/cdc.usac.edu.gt\/wp-content\/uploads\/2019\/12\/Ixcot-Diversidad-Biologica-depto.-Guatemala.pdf\">Diversidad biol\u00f3gica depto. Guatemala<\/a><a href=\"https:\/\/cdc.usac.edu.gt\/wp-content\/uploads\/2019\/12\/Ixcot-Diversidad-Biologica-depto.-Guatemala.pdf\" class=\"wp-block-file__button\" download>Descarga<\/a><\/div>\n\n\n\n<div class=\"wp-block-file\"><a href=\"https:\/\/cdc.usac.edu.gt\/wp-content\/uploads\/2019\/12\/Ordo\u00f1ez-Mamiferos-menores-entomofauna-bosque-nuboso-area-nucleo-RBLF-a.pdf\">Mam\u00edferos menores entomofauna bosque nuboso \u00e1rea n\u00facleo RBLF<\/a><a href=\"https:\/\/cdc.usac.edu.gt\/wp-content\/uploads\/2019\/12\/Ordo\u00f1ez-Mamiferos-menores-entomofauna-bosque-nuboso-area-nucleo-RBLF-a.pdf\" class=\"wp-block-file__button\" download>Descarga<\/a><\/div>\n","protected":false},"excerpt":{"rendered":"<p>Listado de material generado por el CDC. &nbsp;Manual para el monitoreo de la fenolog\u00eda reproductiva de&nbsp;\u00abDoce especies vegetales de importancia ecol\u00f3gica en la&nbsp;Reserva de Biosfera Maya\u00bb. Monitoreo de los efectos del cambio clim\u00e1tico en la fenolog\u00eda&nbsp;reproductiva de \u00abDoce especies vegetales<\/p>\n","protected":false},"author":1,"featured_media":0,"parent":0,"menu_order":6,"comment_status":"open","ping_status":"closed","template":"","meta":{"footnotes":""},"class_list":["post-354","page","type-page","status-publish","hentry"],"_links":{"self":[{"href":"https:\/\/cdc.usac.edu.gt\/index.php?rest_route=\/wp\/v2\/pages\/354"}],"collection":[{"href":"https:\/\/cdc.usac.edu.gt\/index.php?rest_route=\/wp\/v2\/pages"}],"about":[{"href":"https:\/\/cdc.usac.edu.gt\/index.php?rest_route=\/wp\/v2\/types\/page"}],"author":[{"embeddable":true,"href":"https:\/\/cdc.usac.edu.gt\/index.php?rest_route=\/wp\/v2\/users\/1"}],"replies":[{"embeddable":true,"href":"https:\/\/cdc.usac.edu.gt\/index.php?rest_route=%2Fwp%2Fv2%2Fcomments&post=354"}],"version-history":[{"count":14,"href":"https:\/\/cdc.usac.edu.gt\/index.php?rest_route=\/wp\/v2\/pages\/354\/revisions"}],"predecessor-version":[{"id":1085,"href":"https:\/\/cdc.usac.edu.gt\/index.php?rest_route=\/wp\/v2\/pages\/354\/revisions\/1085"}],"wp:attachment":[{"href":"https:\/\/cdc.usac.edu.gt\/index.php?rest_route=%2Fwp%2Fv2%2Fmedia&parent=354"}],"curies":[{"name":"wp","href":"https:\/\/api.w.org\/{rel}","templated":true}]}}