{"id":569,"date":"2019-02-18T12:20:14","date_gmt":"2019-02-18T18:20:14","guid":{"rendered":"https:\/\/cdc.usac.edu.gt\/?page_id=569"},"modified":"2019-02-19T17:54:45","modified_gmt":"2019-02-19T23:54:45","slug":"actualidad","status":"publish","type":"page","link":"https:\/\/cdc.usac.edu.gt\/?page_id=569","title":{"rendered":"Historia"},"content":{"rendered":"\n<p>El CDC fue creado el 06 de diciembre de 1989, mediante la suscripci\u00f3n de un convenio entre la Universidad de San Carlos de Guatemala y The Nature Conservancy (TNC). Forma parte de la red de CDC\u2018s establecida en 11 pa\u00edses de Am\u00e9rica Latina y el Caribe, 50 estados de los Estados Unidos y 4 provincias de Canad\u00e1. Su creaci\u00f3n obedeci\u00f3 a la necesidad de contar con una unidad especializada en el tema de diversidad biol\u00f3gica para el acopio, organizaci\u00f3n, sistematizaci\u00f3n y accesibilidad de la informaci\u00f3n existente producida en el pa\u00eds por diversas instituciones, la cual estaba dispersa, con el fin de planificaci\u00f3n, investigaci\u00f3n y toma de decisiones.<\/p>\n\n\n\n<figure class=\"wp-block-image\"><img loading=\"lazy\" decoding=\"async\" width=\"1024\" height=\"683\" src=\"https:\/\/cdc.usac.edu.gt\/wp-content\/uploads\/2019\/02\/grasshopper-358181_1920-1-1024x683.jpg\" alt=\"\" class=\"wp-image-638\" srcset=\"https:\/\/cdc.usac.edu.gt\/wp-content\/uploads\/2019\/02\/grasshopper-358181_1920-1-1024x683.jpg 1024w, https:\/\/cdc.usac.edu.gt\/wp-content\/uploads\/2019\/02\/grasshopper-358181_1920-1-300x200.jpg 300w, https:\/\/cdc.usac.edu.gt\/wp-content\/uploads\/2019\/02\/grasshopper-358181_1920-1-768x512.jpg 768w, https:\/\/cdc.usac.edu.gt\/wp-content\/uploads\/2019\/02\/grasshopper-358181_1920-1.jpg 1920w\" sizes=\"(max-width: 1024px) 100vw, 1024px\" \/><\/figure>\n\n\n\n<p>En la actualidad funciona como una unidad t\u00e9cnico-cient\u00edfica del Centro de Estudios Conservacionistas. El CDC utiliza y basa sus operaciones en la metodolog\u00eda de Patrimonio Natural, sistema desarrollado y refinado por TNC, ABI y NatureServe. Correlaciona e integra informaci\u00f3n de especies, ecosistemas y \u00e1reas protegidas, por medio de bases de datos manuales y computarizadas, mapas y material bibliogr\u00e1fico. Actualmente la red de CDC\u2018s es coordinada por la organizaci\u00f3n internacional NatureServe:<br><a href=\"http:\/\/www.natureserve.org\/\">http:\/\/www.natureserve.org<\/a><\/p>\n","protected":false},"excerpt":{"rendered":"<p>El CDC fue creado el 06 de diciembre de 1989, mediante la suscripci\u00f3n de un convenio entre la Universidad de San Carlos de Guatemala y The Nature Conservancy (TNC). Forma parte de la red de CDC\u2018s establecida en 11 pa\u00edses<\/p>\n","protected":false},"author":1,"featured_media":0,"parent":0,"menu_order":0,"comment_status":"closed","ping_status":"closed","template":"","meta":{"footnotes":""},"class_list":["post-569","page","type-page","status-publish","hentry"],"_links":{"self":[{"href":"https:\/\/cdc.usac.edu.gt\/index.php?rest_route=\/wp\/v2\/pages\/569"}],"collection":[{"href":"https:\/\/cdc.usac.edu.gt\/index.php?rest_route=\/wp\/v2\/pages"}],"about":[{"href":"https:\/\/cdc.usac.edu.gt\/index.php?rest_route=\/wp\/v2\/types\/page"}],"author":[{"embeddable":true,"href":"https:\/\/cdc.usac.edu.gt\/index.php?rest_route=\/wp\/v2\/users\/1"}],"replies":[{"embeddable":true,"href":"https:\/\/cdc.usac.edu.gt\/index.php?rest_route=%2Fwp%2Fv2%2Fcomments&post=569"}],"version-history":[{"count":5,"href":"https:\/\/cdc.usac.edu.gt\/index.php?rest_route=\/wp\/v2\/pages\/569\/revisions"}],"predecessor-version":[{"id":647,"href":"https:\/\/cdc.usac.edu.gt\/index.php?rest_route=\/wp\/v2\/pages\/569\/revisions\/647"}],"wp:attachment":[{"href":"https:\/\/cdc.usac.edu.gt\/index.php?rest_route=%2Fwp%2Fv2%2Fmedia&parent=569"}],"curies":[{"name":"wp","href":"https:\/\/api.w.org\/{rel}","templated":true}]}}